{"id":9,"date":"2024-02-11T19:33:23","date_gmt":"2024-02-11T19:33:23","guid":{"rendered":"https:\/\/lykkemad.com\/?page_id=9"},"modified":"2024-08-21T19:10:25","modified_gmt":"2024-08-21T19:10:25","slug":"forside","status":"publish","type":"page","link":"https:\/\/lykkemad.com\/","title":{"rendered":"Forside"},"content":{"rendered":"\n<p>Velkommen til Lykkemad. Her kan du finde opskrifter p\u00e5 bagv\u00e6rk, gr\u00f8ntsagssupper og pastaretter. Mine opskrifter er laktosefri og uden skaldyr (grundet overf\u00f8lsomhed i husstanden), men man er selvf\u00f8lgelig velkommen til at bruge almindelige mejeriprodukter. Nedenfor ses et billede af en hjerteformet chokoladekage, jeg lavede til Valentinsdag med r\u00f8dbrun glasur. God l\u00e6selyst p\u00e5 bloggen &#8211; jeg h\u00e5ber, I finder opskrifterne brugbare.<\/p>\n\n\n\n<figure class=\"wp-block-image size-full is-resized\"><img decoding=\"async\" width=\"206\" height=\"154\" src=\"https:\/\/lykkemad.com\/wp-content\/uploads\/2024\/02\/Hjertekage-edited.jpg\" alt=\"\" class=\"wp-image-73\" style=\"width:524px;height:auto\"\/><\/figure>\n","protected":false},"excerpt":{"rendered":"<p>Velkommen til Lykkemad. Her kan du finde opskrifter p\u00e5 bagv\u00e6rk, gr\u00f8ntsagssupper og pastaretter. Mine opskrifter er laktosefri og uden skaldyr [&hellip;]<\/p>\n","protected":false},"author":1,"featured_media":0,"parent":0,"menu_order":0,"comment_status":"closed","ping_status":"closed","template":"","meta":{"om_disable_all_campaigns":false,"_monsterinsights_skip_tracking":false,"_monsterinsights_sitenote_active":false,"_monsterinsights_sitenote_note":"","_monsterinsights_sitenote_category":0,"site-sidebar-layout":"default","site-content-layout":"","ast-site-content-layout":"","site-content-style":"default","site-sidebar-style":"default","ast-global-header-display":"","ast-banner-title-visibility":"","ast-main-header-display":"","ast-hfb-above-header-display":"","ast-hfb-below-header-display":"","ast-hfb-mobile-header-display":"","site-post-title":"","ast-breadcrumbs-content":"","ast-featured-img":"","footer-sml-layout":"","theme-transparent-header-meta":"","adv-header-id-meta":"","stick-header-meta":"","header-above-stick-meta":"","header-main-stick-meta":"","header-below-stick-meta":"","astra-migrate-meta-layouts":"default","ast-page-background-enabled":"default","ast-page-background-meta":{"desktop":{"background-color":"var(--ast-global-color-4)","background-image":"","background-repeat":"repeat","background-position":"center center","background-size":"auto","background-attachment":"scroll","background-type":"","background-media":"","overlay-type":"","overlay-color":"","overlay-gradient":""},"tablet":{"background-color":"","background-image":"","background-repeat":"repeat","background-position":"center center","background-size":"auto","background-attachment":"scroll","background-type":"","background-media":"","overlay-type":"","overlay-color":"","overlay-gradient":""},"mobile":{"background-color":"","background-image":"","background-repeat":"repeat","background-position":"center center","background-size":"auto","background-attachment":"scroll","background-type":"","background-media":"","overlay-type":"","overlay-color":"","overlay-gradient":""}},"ast-content-background-meta":{"desktop":{"background-color":"var(--ast-global-color-5)","background-image":"","background-repeat":"repeat","background-position":"center center","background-size":"auto","background-attachment":"scroll","background-type":"","background-media":"","overlay-type":"","overlay-color":"","overlay-gradient":""},"tablet":{"background-color":"var(--ast-global-color-5)","background-image":"","background-repeat":"repeat","background-position":"center center","background-size":"auto","background-attachment":"scroll","background-type":"","background-media":"","overlay-type":"","overlay-color":"","overlay-gradient":""},"mobile":{"background-color":"var(--ast-global-color-5)","background-image":"","background-repeat":"repeat","background-position":"center center","background-size":"auto","background-attachment":"scroll","background-type":"","background-media":"","overlay-type":"","overlay-color":"","overlay-gradient":""}},"footnotes":""},"aioseo_notices":[],"jetpack_sharing_enabled":true,"_links":{"self":[{"href":"https:\/\/lykkemad.com\/index.php\/wp-json\/wp\/v2\/pages\/9"}],"collection":[{"href":"https:\/\/lykkemad.com\/index.php\/wp-json\/wp\/v2\/pages"}],"about":[{"href":"https:\/\/lykkemad.com\/index.php\/wp-json\/wp\/v2\/types\/page"}],"author":[{"embeddable":true,"href":"https:\/\/lykkemad.com\/index.php\/wp-json\/wp\/v2\/users\/1"}],"replies":[{"embeddable":true,"href":"https:\/\/lykkemad.com\/index.php\/wp-json\/wp\/v2\/comments?post=9"}],"version-history":[{"count":9,"href":"https:\/\/lykkemad.com\/index.php\/wp-json\/wp\/v2\/pages\/9\/revisions"}],"predecessor-version":[{"id":83,"href":"https:\/\/lykkemad.com\/index.php\/wp-json\/wp\/v2\/pages\/9\/revisions\/83"}],"wp:attachment":[{"href":"https:\/\/lykkemad.com\/index.php\/wp-json\/wp\/v2\/media?parent=9"}],"curies":[{"name":"wp","href":"https:\/\/api.w.org\/{rel}","templated":true}]}}