{"id":12,"date":"2024-02-11T19:33:23","date_gmt":"2024-02-11T19:33:23","guid":{"rendered":"https:\/\/lykkemad.com\/?page_id=12"},"modified":"2024-02-24T23:04:05","modified_gmt":"2024-02-24T23:04:05","slug":"om","status":"publish","type":"page","link":"https:\/\/lykkemad.com\/index.php\/om\/","title":{"rendered":"Om"},"content":{"rendered":"\n<p>Lykkemad er en nystartet madblog, der forh\u00e5bentlig kommer til at indeholde mange opskrifter hen ad vejen. Navnet er valgt ud fra mit og mandens f\u00e6lles mellemnavn og vil ogs\u00e5 indeholde nogle af hans go-to opskrifter.<\/p>\n\n\n\n<p>Om mig: mit navn er Louise og jeg er pt. bosiddende i Nuuk med min mand. Efter at have arbejdet p\u00e5 Gr\u00f8nlands Landsbibliotek har jeg valgt at fordybe i madlavning, da jeg havde ansvar for den del af bibliotekets samling og ogs\u00e5 tidligere har leget med tanken om en madblog. I min fritid kan jeg godt lide at l\u00e6se krimier, spille br\u00e6tspil og er frivillig p\u00e5 Nuuk dyreinternat.<\/p>\n","protected":false},"excerpt":{"rendered":"<p>Lykkemad er en nystartet madblog, der forh\u00e5bentlig kommer til at indeholde mange opskrifter hen ad vejen. Navnet er valgt ud [&hellip;]<\/p>\n","protected":false},"author":1,"featured_media":0,"parent":0,"menu_order":0,"comment_status":"closed","ping_status":"closed","template":"","meta":{"om_disable_all_campaigns":false,"_monsterinsights_skip_tracking":false,"_monsterinsights_sitenote_active":false,"_monsterinsights_sitenote_note":"","_monsterinsights_sitenote_category":0,"site-sidebar-layout":"default","site-content-layout":"","ast-site-content-layout":"","site-content-style":"default","site-sidebar-style":"default","ast-global-header-display":"","ast-banner-title-visibility":"","ast-main-header-display":"","ast-hfb-above-header-display":"","ast-hfb-below-header-display":"","ast-hfb-mobile-header-display":"","site-post-title":"","ast-breadcrumbs-content":"","ast-featured-img":"","footer-sml-layout":"","theme-transparent-header-meta":"","adv-header-id-meta":"","stick-header-meta":"","header-above-stick-meta":"","header-main-stick-meta":"","header-below-stick-meta":"","astra-migrate-meta-layouts":"default","ast-page-background-enabled":"default","ast-page-background-meta":{"desktop":{"background-color":"var(--ast-global-color-4)","background-image":"","background-repeat":"repeat","background-position":"center center","background-size":"auto","background-attachment":"scroll","background-type":"","background-media":"","overlay-type":"","overlay-color":"","overlay-gradient":""},"tablet":{"background-color":"","background-image":"","background-repeat":"repeat","background-position":"center center","background-size":"auto","background-attachment":"scroll","background-type":"","background-media":"","overlay-type":"","overlay-color":"","overlay-gradient":""},"mobile":{"background-color":"","background-image":"","background-repeat":"repeat","background-position":"center center","background-size":"auto","background-attachment":"scroll","background-type":"","background-media":"","overlay-type":"","overlay-color":"","overlay-gradient":""}},"ast-content-background-meta":{"desktop":{"background-color":"var(--ast-global-color-5)","background-image":"","background-repeat":"repeat","background-position":"center center","background-size":"auto","background-attachment":"scroll","background-type":"","background-media":"","overlay-type":"","overlay-color":"","overlay-gradient":""},"tablet":{"background-color":"var(--ast-global-color-5)","background-image":"","background-repeat":"repeat","background-position":"center center","background-size":"auto","background-attachment":"scroll","background-type":"","background-media":"","overlay-type":"","overlay-color":"","overlay-gradient":""},"mobile":{"background-color":"var(--ast-global-color-5)","background-image":"","background-repeat":"repeat","background-position":"center center","background-size":"auto","background-attachment":"scroll","background-type":"","background-media":"","overlay-type":"","overlay-color":"","overlay-gradient":""}},"footnotes":""},"aioseo_notices":[],"jetpack_sharing_enabled":true,"_links":{"self":[{"href":"https:\/\/lykkemad.com\/index.php\/wp-json\/wp\/v2\/pages\/12"}],"collection":[{"href":"https:\/\/lykkemad.com\/index.php\/wp-json\/wp\/v2\/pages"}],"about":[{"href":"https:\/\/lykkemad.com\/index.php\/wp-json\/wp\/v2\/types\/page"}],"author":[{"embeddable":true,"href":"https:\/\/lykkemad.com\/index.php\/wp-json\/wp\/v2\/users\/1"}],"replies":[{"embeddable":true,"href":"https:\/\/lykkemad.com\/index.php\/wp-json\/wp\/v2\/comments?post=12"}],"version-history":[{"count":2,"href":"https:\/\/lykkemad.com\/index.php\/wp-json\/wp\/v2\/pages\/12\/revisions"}],"predecessor-version":[{"id":78,"href":"https:\/\/lykkemad.com\/index.php\/wp-json\/wp\/v2\/pages\/12\/revisions\/78"}],"wp:attachment":[{"href":"https:\/\/lykkemad.com\/index.php\/wp-json\/wp\/v2\/media?parent=12"}],"curies":[{"name":"wp","href":"https:\/\/api.w.org\/{rel}","templated":true}]}}